{"id":5160,"date":"2025-07-18T10:01:29","date_gmt":"2025-07-18T08:01:29","guid":{"rendered":"https:\/\/nouzillyathletisme.fr\/?page_id=5160"},"modified":"2025-07-18T10:01:29","modified_gmt":"2025-07-18T08:01:29","slug":"reglement-interieur","status":"publish","type":"page","link":"https:\/\/nouzillyathletisme.fr\/index.php\/reglement-interieur\/","title":{"rendered":"R\u00e9glement int\u00e9rieur"},"content":{"rendered":"\n<p>Mise \u00e0 jour : Juin 2025<\/p>\n\n\n\n<p><strong>R\u00e8glement int\u00e9rieur: Nouzilly Athl\u00e9tisme<\/strong><\/p>\n\n\n\n<p><strong>Article 1 \u2013 Adh\u00e9sion<\/strong><strong><br><\/strong><strong> <\/strong>L\u2019adh\u00e9sion au club est ouverte \u00e0 toute personne, sous r\u00e9serve de fournir un PPS \u00e0 jour et de s\u2019acquitter de la cotisation annuelle. L\u2019adh\u00e9rent s\u2019engage \u00e0 respecter le pr\u00e9sent r\u00e8glement.<\/p>\n\n\n\n<p><strong>Article 2 \u2013 Entra\u00eenements<\/strong><strong><br><\/strong><strong> <\/strong>Les horaires et lieux d\u2019entra\u00eenement sont communiqu\u00e9s en d\u00e9but de saison.Tout changement sera communiqu\u00e9 via un groupe WhatsApp d\u00e9di\u00e9. La ponctualit\u00e9, l\u2019assiduit\u00e9 et le respect des consignes des encadrants sont obligatoires.<\/p>\n\n\n\n<p><strong>&nbsp;<\/strong><strong>Important <\/strong><strong>: Dans le cas des mineurs, le responsable de l\u2019enfant doit s\u2019assurer de la pr\u00e9sence de l\u2019\u00e9ducateur et lui remettre le mineur. A la fin de la s\u00e9ance, chaque enfant devra \u00eatre r\u00e9cup\u00e9r\u00e9 par un adulte aupr\u00e8s de l\u2019\u00e9ducateur afin de faciliter les \u00e9changes parents\/club et pour des raisons \u00e9videntes de s\u00e9curit\u00e9.<\/strong><\/p>\n\n\n\n<p><strong>Article 3 \u2013 Tenue et mat\u00e9riel<\/strong><strong><br><\/strong> Une tenue de sport adapt\u00e9e est exig\u00e9e.<strong> Le port du maillot du club est obligatoire lors des comp\u00e9titions <\/strong>(maillot inclus dans le prix de la licence) Chaque adh\u00e9rent est responsable de son mat\u00e9riel personnel.<\/p>\n\n\n\n<p><strong>Article 4 \u2013 Comportement<\/strong><strong><br><\/strong> Tout comportement irrespectueux, violent, ou contraire aux valeurs du sport entra\u00eenera des sanctions pouvant aller jusqu\u2019\u00e0 l\u2019exclusion. Le respect des autres, des installations, des b\u00e9n\u00e9voles et de l\u2019environnement est une priorit\u00e9.<\/p>\n\n\n\n<p><strong>Article 5 \u2013 S\u00e9curit\u00e9<\/strong><strong><br><\/strong> Les consignes de s\u00e9curit\u00e9 doivent \u00eatre suivies \u00e0 tout moment. Le club d\u00e9cline toute responsabilit\u00e9 en cas d\u2019accident survenu hors des cr\u00e9neaux officiels.<\/p>\n\n\n\n<p><strong>Article 6 \u2013 Communication<\/strong><strong><br><\/strong> Les informations importantes sont diffus\u00e9es par e-mail, groupe de discussion ou site internet. Il est de la responsabilit\u00e9 de chaque adh\u00e9rent de se tenir inform\u00e9.<\/p>\n\n\n\n<p><strong>Article 7 \u2013 Comp\u00e9titions<\/strong><strong><br><\/strong> Les inscriptions aux comp\u00e9titions se font via les encadrants. Toute participation implique un engagement s\u00e9rieux et une repr\u00e9sentation digne du club.<\/p>\n\n\n\n<p><strong>&nbsp;<\/strong><strong>Important <\/strong><strong>: Il sera demand\u00e9 \u00e0 chaque enfant (hormis la section Baby Athl\u00e9) de participer \u00e0 minima \u00e0 <\/strong><strong>3 comp\u00e9titions dans l&rsquo;ann\u00e9e<\/strong><strong>. Sans cela, votre enfant ne sera pas prioritaire pour l&rsquo;inscription la saison suivante.<\/strong><\/p>\n\n\n\n<p><strong>Article 8 \u2013 Vie du club<\/strong><strong><br><\/strong> La participation \u00e0 la vie du club (organisation d\u2019\u00e9v\u00e9nements, aide ponctuelle\u2026) est encourag\u00e9e. Le club vit gr\u00e2ce \u00e0 ses membres, leur engagement et leur bonne humeur.<\/p>\n\n\n\n<p><strong>Article 9 \u2013 Acceptation<\/strong><\/p>\n\n\n\n<p>L&rsquo;adh\u00e9sion via HelloAsso vaut acceptation de ce r\u00e8glement pour la saison.<\/p>\n\n\n\n<p><\/p>\n","protected":false},"excerpt":{"rendered":"<p>Mise \u00e0 jour : Juin 2025 R\u00e8glement int\u00e9rieur: Nouzilly Athl\u00e9tisme Article 1 \u2013 [&hellip;]<\/p>\n","protected":false},"author":1,"featured_media":0,"parent":0,"menu_order":0,"comment_status":"closed","ping_status":"closed","template":"","meta":{"jetpack_post_was_ever_published":false,"footnotes":""},"class_list":["post-5160","page","type-page","status-publish","hentry"],"jetpack_sharing_enabled":true,"jetpack_likes_enabled":false,"_links":{"self":[{"href":"https:\/\/nouzillyathletisme.fr\/index.php\/wp-json\/wp\/v2\/pages\/5160","targetHints":{"allow":["GET"]}}],"collection":[{"href":"https:\/\/nouzillyathletisme.fr\/index.php\/wp-json\/wp\/v2\/pages"}],"about":[{"href":"https:\/\/nouzillyathletisme.fr\/index.php\/wp-json\/wp\/v2\/types\/page"}],"author":[{"embeddable":true,"href":"https:\/\/nouzillyathletisme.fr\/index.php\/wp-json\/wp\/v2\/users\/1"}],"replies":[{"embeddable":true,"href":"https:\/\/nouzillyathletisme.fr\/index.php\/wp-json\/wp\/v2\/comments?post=5160"}],"version-history":[{"count":1,"href":"https:\/\/nouzillyathletisme.fr\/index.php\/wp-json\/wp\/v2\/pages\/5160\/revisions"}],"predecessor-version":[{"id":5162,"href":"https:\/\/nouzillyathletisme.fr\/index.php\/wp-json\/wp\/v2\/pages\/5160\/revisions\/5162"}],"wp:attachment":[{"href":"https:\/\/nouzillyathletisme.fr\/index.php\/wp-json\/wp\/v2\/media?parent=5160"}],"curies":[{"name":"wp","href":"https:\/\/api.w.org\/{rel}","templated":true}]}}