{"id":4937,"date":"2025-07-11T09:49:56","date_gmt":"2025-07-11T07:49:56","guid":{"rendered":"https:\/\/nouzillyathletisme.fr\/?page_id=4937"},"modified":"2025-07-11T10:00:58","modified_gmt":"2025-07-11T08:00:58","slug":"sections-jeunes","status":"publish","type":"page","link":"https:\/\/nouzillyathletisme.fr\/index.php\/sections-jeunes\/","title":{"rendered":"Sections Jeunes"},"content":{"rendered":"\n<h2 class=\"wp-block-heading\">Sections Jeunes<\/h2>\n\n\n\n<p>Nous proposons des s\u00e9ances d&rsquo;athl\u00e9tisme pour les enfants allant de 3 ans \u00e0 12 ans.<\/p>\n\n\n\n<ul class=\"wp-block-list\">\n<li><strong>Baby Athl\u00e9<\/strong> : Lundi au gymnase de 17h30 \u00e0 18h30<\/li>\n\n\n\n<li>S\u00e9ances assur\u00e9es par Annick et Dominique<\/li>\n<\/ul>\n\n\n\n<p>&#8211;&gt; Maternelle : <strong>2020\/2021\/2022<\/strong><\/p>\n\n\n\n<ul class=\"wp-block-list\">\n<li><strong>Eveil Athl\u00e9<\/strong> : Vendredi au stade ou gymnase de 18h00 \u00e0 19h15<\/li>\n\n\n\n<li>S\u00e9ances assur\u00e9es par Mathilde et Herv\u00e9<\/li>\n<\/ul>\n\n\n\n<p>&#8211;&gt; CP\/CE1\/CE2 : <strong>2017\/2018\/2019<\/strong><\/p>\n\n\n\n<ul class=\"wp-block-list\">\n<li><strong>Poussins <\/strong>: Vendredi au stade ou gymnase de 19h15 \u00e0 20h30<\/li>\n\n\n\n<li>S\u00e9ances assur\u00e9es par Mathilde et Herv\u00e9<\/li>\n<\/ul>\n\n\n\n<p>&#8211;&gt; CM1\/CM2 : <strong>2015\/2016<\/strong><\/p>\n\n\n\n<ul class=\"wp-block-list\">\n<li><strong>Benjamins <\/strong>: Vendredi au stade ou gymnase de 19h15 \u00e0 20h30<\/li>\n\n\n\n<li>S\u00e9ances assur\u00e9es par Mathilde et Herv\u00e9<\/li>\n<\/ul>\n\n\n\n<p>&#8211;&gt; 6\u00e8me\/5\u00e8me : <strong>2013\/2014<\/strong><\/p>\n","protected":false},"excerpt":{"rendered":"<p>Sections Jeunes Nous proposons des s\u00e9ances d&rsquo;athl\u00e9tisme pour les enfants allant de 3 [&hellip;]<\/p>\n","protected":false},"author":1,"featured_media":0,"parent":0,"menu_order":0,"comment_status":"closed","ping_status":"closed","template":"","meta":{"jetpack_post_was_ever_published":false,"footnotes":""},"class_list":["post-4937","page","type-page","status-publish","hentry"],"jetpack_sharing_enabled":true,"jetpack_likes_enabled":false,"_links":{"self":[{"href":"https:\/\/nouzillyathletisme.fr\/index.php\/wp-json\/wp\/v2\/pages\/4937","targetHints":{"allow":["GET"]}}],"collection":[{"href":"https:\/\/nouzillyathletisme.fr\/index.php\/wp-json\/wp\/v2\/pages"}],"about":[{"href":"https:\/\/nouzillyathletisme.fr\/index.php\/wp-json\/wp\/v2\/types\/page"}],"author":[{"embeddable":true,"href":"https:\/\/nouzillyathletisme.fr\/index.php\/wp-json\/wp\/v2\/users\/1"}],"replies":[{"embeddable":true,"href":"https:\/\/nouzillyathletisme.fr\/index.php\/wp-json\/wp\/v2\/comments?post=4937"}],"version-history":[{"count":4,"href":"https:\/\/nouzillyathletisme.fr\/index.php\/wp-json\/wp\/v2\/pages\/4937\/revisions"}],"predecessor-version":[{"id":4946,"href":"https:\/\/nouzillyathletisme.fr\/index.php\/wp-json\/wp\/v2\/pages\/4937\/revisions\/4946"}],"wp:attachment":[{"href":"https:\/\/nouzillyathletisme.fr\/index.php\/wp-json\/wp\/v2\/media?parent=4937"}],"curies":[{"name":"wp","href":"https:\/\/api.w.org\/{rel}","templated":true}]}}