{"id":3272,"date":"2023-09-29T11:36:56","date_gmt":"2023-09-29T09:36:56","guid":{"rendered":"https:\/\/nouzillyathletisme.fr\/?page_id=3272"},"modified":"2025-07-11T10:27:31","modified_gmt":"2025-07-11T08:27:31","slug":"partenaires","status":"publish","type":"page","link":"https:\/\/nouzillyathletisme.fr\/index.php\/partenaires\/","title":{"rendered":"Partenaires"},"content":{"rendered":"\n<h2 class=\"wp-block-heading\">Partenaires<\/h2>\n\n\n\n<p class=\"has-text-align-center has-medium-font-size\"><strong><u>SOUTENEZ Nouzilly Athl\u00e9tisme, devenez m\u00e9c\u00e8ne\u00a0<\/u><\/strong><\/p>\n\n\n\n<p>Vous souhaitez vous engager en faveur de votre territoire rural, de la jeunesse, du sport et ses valeurs, <strong>devenez m\u00e9c\u00e8ne<\/strong> et soutenez notre association, <strong>Nouzilly Athl\u00e9tisme<\/strong>.<\/p>\n\n\n\n<p><strong>LE CLUB&nbsp;:<\/strong><\/p>\n\n\n\n<p>Cette ann\u00e9e le club f\u00eate ses 40 ans, et <strong>compte 103 licenci\u00e9s<\/strong> de 3 \u00e0 77 ans. Nouzilly athl\u00e9tisme est une association sportive \u00e0 but non lucratif qui cherche \u00e0 promouvoir l\u2019athl\u00e9tisme et les valeurs du sport sur le secteur rural de Nouzilly et ses environs (Monnaie, Crotelles, Cerelles, Saint Laurent en G\u00e2tines, Beaumont\u2026)<\/p>\n\n\n\n<p>Nouzilly Athl\u00e9tisme accueille des enfants en bas \u00e2ge (\u00e0 partir de 3 ans), \u00e9tant le seul club du d\u00e9partement \u00e0 proposer le baby athl\u00e9tisme, et ainsi proposer une activit\u00e9 physique et d\u2019\u00e9veil \u00e0 des bambins de maternelle.<\/p>\n\n\n\n<p>Deux autres sections enfants sont pr\u00e9sentes au sein du club, ainsi qu\u2019une section adulte (running et athl\u00e9fit).<\/p>\n\n\n\n<p>Notre club permet d\u2019offrir un sport accessible \u00e0 tous, que nous souhaitons p\u00e9renniser et d\u00e9velopper. Malgr\u00e9 l\u2019implication de b\u00e9n\u00e9voles, les financements publiques \u00e9tant limit\u00e9es, nous avons besoin de votre soutien financier pour regarder sereinement l\u2019avenir.<\/p>\n\n\n\n<p><strong>NOS DEPENSES&nbsp;:&nbsp;<\/strong><\/p>\n\n\n\n<ul class=\"wp-block-list\">\n<li><strong>Mat\u00e9riel&nbsp;<\/strong>: chasubles, mat\u00e9riels pour les entrainements (plots, javelots, haies, \u00e9chelle de course\u2026), pharmacie<\/li>\n\n\n\n<li><strong>Encadrement<\/strong>&nbsp;: coach dipl\u00f4m\u00e9 pour encadrer les entrainements des enfants<\/li>\n\n\n\n<li><strong>Frais g\u00e9n\u00e9raux<\/strong>&nbsp;: frais bancaires, frais d\u2019h\u00e9bergement du site web, assurances\u2026<\/li>\n<\/ul>\n\n\n\n<p><strong>Pourquoi devenir MECENE ET PARTENAIRE DU CLUB&nbsp;:<\/strong><\/p>\n\n\n\n<ul class=\"wp-block-list\">\n<li>Devenez acteur et soutenez le projet d\u2019une association sportive \u00e0 taille humaine, proche de chez vous.<\/li>\n\n\n\n<li>B\u00e9n\u00e9ficiez d\u2019une visibilit\u00e9 sur nos supports de communication<\/li>\n\n\n\n<li>Le m\u00e9c\u00e9nat permet d\u2019aider <strong>Nouzilly Athl\u00e9tisme<\/strong> tout en <strong>b\u00e9n\u00e9ficiant d\u2019avantages fiscaux <\/strong>avec une r\u00e9duction d\u2019imp\u00f4t de 60 % du montant du don dans la limite de 0,5% de votre CA annuel.<\/li>\n<\/ul>\n\n\n\n<p><strong>EXEMPLE DE CALCUL&nbsp;:<\/strong><\/p>\n\n\n\n<p><strong>Avec un don de 2000 \u20ac, vous r\u00e9duirez 1200 \u20ac du montant de vos imp\u00f4ts, votre d\u00e9pense r\u00e9elle sera de 800 \u20ac<\/strong><em> (un re\u00e7u fiscal vous sera transmis)<\/em><\/p>\n\n\n<div class=\"wp-block-image\">\n<figure class=\"aligncenter size-full\"><img loading=\"lazy\" decoding=\"async\" width=\"631\" height=\"309\" src=\"https:\/\/nouzillyathletisme.fr\/wp-content\/uploads\/2023\/11\/image-4.png\" alt=\"\" class=\"wp-image-3336\" srcset=\"https:\/\/nouzillyathletisme.fr\/wp-content\/uploads\/2023\/11\/image-4.png 631w, https:\/\/nouzillyathletisme.fr\/wp-content\/uploads\/2023\/11\/image-4-768x376.png 768w\" sizes=\"auto, (max-width: 631px) 100vw, 631px\" \/><\/figure>\n<\/div>\n\n\n<hr class=\"wp-block-separator aligncenter has-alpha-channel-opacity is-style-wide\" style=\"margin-top:var(--wp--preset--spacing--50);margin-bottom:var(--wp--preset--spacing--50)\"\/>\n\n\n\n<p class=\"has-text-align-center has-medium-font-size\"><strong>&#8211;&gt; Faire un don :<\/strong><\/p>\n\n\n\n<p class=\"has-text-align-center\"> <a rel=\"noreferrer noopener\" href=\"https:\/\/www.helloasso.com\/associations\/nouzilly-athletisme\/formulaires\/5\" target=\"_blank\">https:\/\/www.helloasso.com\/associations\/nouzilly-athletisme\/formulaires\/5<\/a><\/p>\n\n\n<div class=\"wp-block-image\">\n<figure class=\"aligncenter size-full\"><a href=\"https:\/\/www.helloasso.com\/associations\/nouzilly-athletisme\/formulaires\/5\" target=\"_blank\" rel=\"noreferrer noopener\"><img loading=\"lazy\" decoding=\"async\" width=\"612\" height=\"408\" src=\"https:\/\/nouzillyathletisme.fr\/wp-content\/uploads\/2023\/11\/image-3.png\" alt=\"\" class=\"wp-image-3334\" srcset=\"https:\/\/nouzillyathletisme.fr\/wp-content\/uploads\/2023\/11\/image-3.png 612w, https:\/\/nouzillyathletisme.fr\/wp-content\/uploads\/2023\/11\/image-3-768x512.png 768w\" sizes=\"auto, (max-width: 612px) 100vw, 612px\" \/><\/a><\/figure>\n<\/div>\n\n<div class=\"wp-block-image\">\n<figure class=\"aligncenter size-full is-resized\"><img loading=\"lazy\" decoding=\"async\" width=\"202\" height=\"134\" src=\"https:\/\/nouzillyathletisme.fr\/wp-content\/uploads\/2023\/11\/image-2.png\" alt=\"\" class=\"wp-image-3328\" style=\"aspect-ratio:1.507462686567164;width:180px;height:auto\" srcset=\"https:\/\/nouzillyathletisme.fr\/wp-content\/uploads\/2023\/11\/image-2.png 202w, https:\/\/nouzillyathletisme.fr\/wp-content\/uploads\/2023\/11\/image-2-768x509.png 768w\" sizes=\"auto, (max-width: 202px) 100vw, 202px\" \/><\/figure>\n<\/div>","protected":false},"excerpt":{"rendered":"<p>Partenaires SOUTENEZ Nouzilly Athl\u00e9tisme, devenez m\u00e9c\u00e8ne\u00a0 Vous souhaitez vous engager en faveur de [&hellip;]<\/p>\n","protected":false},"author":1,"featured_media":0,"parent":0,"menu_order":0,"comment_status":"closed","ping_status":"closed","template":"","meta":{"footnotes":""},"class_list":["post-3272","page","type-page","status-publish","hentry"],"jetpack_sharing_enabled":true,"jetpack_likes_enabled":false,"_links":{"self":[{"href":"https:\/\/nouzillyathletisme.fr\/index.php\/wp-json\/wp\/v2\/pages\/3272","targetHints":{"allow":["GET"]}}],"collection":[{"href":"https:\/\/nouzillyathletisme.fr\/index.php\/wp-json\/wp\/v2\/pages"}],"about":[{"href":"https:\/\/nouzillyathletisme.fr\/index.php\/wp-json\/wp\/v2\/types\/page"}],"author":[{"embeddable":true,"href":"https:\/\/nouzillyathletisme.fr\/index.php\/wp-json\/wp\/v2\/users\/1"}],"replies":[{"embeddable":true,"href":"https:\/\/nouzillyathletisme.fr\/index.php\/wp-json\/wp\/v2\/comments?post=3272"}],"version-history":[{"count":17,"href":"https:\/\/nouzillyathletisme.fr\/index.php\/wp-json\/wp\/v2\/pages\/3272\/revisions"}],"predecessor-version":[{"id":4986,"href":"https:\/\/nouzillyathletisme.fr\/index.php\/wp-json\/wp\/v2\/pages\/3272\/revisions\/4986"}],"wp:attachment":[{"href":"https:\/\/nouzillyathletisme.fr\/index.php\/wp-json\/wp\/v2\/media?parent=3272"}],"curies":[{"name":"wp","href":"https:\/\/api.w.org\/{rel}","templated":true}]}}