{"id":3125,"date":"2023-08-11T10:57:33","date_gmt":"2023-08-11T08:57:33","guid":{"rendered":"https:\/\/nouzillyathletisme.fr\/?page_id=3125"},"modified":"2023-08-11T11:00:09","modified_gmt":"2023-08-11T09:00:09","slug":"renouveler-sa-licence","status":"publish","type":"page","link":"https:\/\/nouzillyathletisme.fr\/index.php\/renouveler-sa-licence\/","title":{"rendered":"Renouveler sa licence"},"content":{"rendered":"\n<p>Fin juin \/ d\u00e9but juillet vous avez d\u00fb recevoir un mail de la&nbsp;<strong>FFA&nbsp;<\/strong>concernant le renouvellement de votre licence:<\/p>\n\n\n\n<p><em>L&rsquo;exp\u00e9diteur est: F\u00e9d\u00e9ration Fran\u00e7aise d&rsquo;Athl\u00e9tisme ( ffathletisme@info.athle.fr )<\/em><\/p>\n\n\n\n<p>Suivez les \u00e9tapes suivantes:<\/p>\n\n\n\n<figure class=\"wp-block-image size-full\"><img loading=\"lazy\" decoding=\"async\" width=\"536\" height=\"672\" src=\"https:\/\/nouzillyathletisme.fr\/wp-content\/uploads\/2023\/08\/image-1.png\" alt=\"\" class=\"wp-image-3111\" srcset=\"https:\/\/nouzillyathletisme.fr\/wp-content\/uploads\/2023\/08\/image-1.png 536w, https:\/\/nouzillyathletisme.fr\/wp-content\/uploads\/2023\/08\/image-1-768x962.png 768w\" sizes=\"auto, (max-width: 536px) 100vw, 536px\" \/><\/figure>\n\n\n\n<p>Cliquez sur le bouton \u00ab\u00a0<strong>Mon espace du licenci\u00e9<\/strong>\u00ab\u00a0<\/p>\n\n\n\n<p>Vous \u00eates redirig\u00e9s vers le site de la&nbsp;<strong>FFA<\/strong> :<\/p>\n\n\n\n<figure class=\"wp-block-image size-full\"><img loading=\"lazy\" decoding=\"async\" width=\"718\" height=\"473\" src=\"https:\/\/nouzillyathletisme.fr\/wp-content\/uploads\/2023\/08\/image-2.png\" alt=\"\" class=\"wp-image-3112\" srcset=\"https:\/\/nouzillyathletisme.fr\/wp-content\/uploads\/2023\/08\/image-2.png 718w, https:\/\/nouzillyathletisme.fr\/wp-content\/uploads\/2023\/08\/image-2-768x505.png 768w\" sizes=\"auto, (max-width: 718px) 100vw, 718px\" \/><\/figure>\n\n\n\n<p>Entrez votre&nbsp;<strong>N\u00b0 de licence<\/strong>&nbsp;et le&nbsp;<strong>mot de passe<\/strong>&nbsp;associ\u00e9<\/p>\n\n\n\n<blockquote class=\"wp-block-quote is-layout-flow wp-block-quote-is-layout-flow\">\n<p><em>Dans le cas o\u00f9 vous auriez perdu votre mot de passe, cliquez sur \u00ab\u00a0<u>Mot de passe oubli\u00e9<\/u>\u00a0\u00bb et laissez-vous guider<\/em><\/p>\n<\/blockquote>\n\n\n\n<figure class=\"wp-block-image size-full\"><img loading=\"lazy\" decoding=\"async\" width=\"1095\" height=\"649\" src=\"https:\/\/nouzillyathletisme.fr\/wp-content\/uploads\/2023\/08\/image-3.png\" alt=\"\" class=\"wp-image-3113\" srcset=\"https:\/\/nouzillyathletisme.fr\/wp-content\/uploads\/2023\/08\/image-3.png 1095w, https:\/\/nouzillyathletisme.fr\/wp-content\/uploads\/2023\/08\/image-3-768x455.png 768w\" sizes=\"auto, (max-width: 1095px) 100vw, 1095px\" \/><\/figure>\n\n\n\n<p>Vous arrivez sur votre \u00ab\u00a0<strong>Espace Licenci\u00e9<\/strong>\u00ab\u00a0<\/p>\n\n\n\n<p>Dans le menu lat\u00e9ral, cliquez sur le menu \u00ab\u00a0<strong>Licence<\/strong>\u00ab\u00a0, puis choisissez \u00ab\u00a0<strong>Formulaire de renouvellement<\/strong>\u00ab\u00a0<\/p>\n\n\n\n<figure class=\"wp-block-image size-full\"><img loading=\"lazy\" decoding=\"async\" width=\"984\" height=\"603\" src=\"https:\/\/nouzillyathletisme.fr\/wp-content\/uploads\/2023\/08\/image-4.png\" alt=\"\" class=\"wp-image-3114\" srcset=\"https:\/\/nouzillyathletisme.fr\/wp-content\/uploads\/2023\/08\/image-4.png 984w, https:\/\/nouzillyathletisme.fr\/wp-content\/uploads\/2023\/08\/image-4-768x470.png 768w\" sizes=\"auto, (max-width: 984px) 100vw, 984px\" \/><\/figure>\n\n\n\n<p>La premi\u00e8re page du formulaire s&rsquo;affiche:<\/p>\n\n\n\n<figure class=\"wp-block-image size-full\"><img loading=\"lazy\" decoding=\"async\" width=\"1091\" height=\"745\" src=\"https:\/\/nouzillyathletisme.fr\/wp-content\/uploads\/2023\/08\/image-5.png\" alt=\"\" class=\"wp-image-3115\" srcset=\"https:\/\/nouzillyathletisme.fr\/wp-content\/uploads\/2023\/08\/image-5.png 1091w, https:\/\/nouzillyathletisme.fr\/wp-content\/uploads\/2023\/08\/image-5-768x524.png 768w\" sizes=\"auto, (max-width: 1091px) 100vw, 1091px\" \/><\/figure>\n\n\n\n<p>Cliquez sur le bouton \u00ab\u00a0<strong>Modifier<\/strong>\u00ab\u00a0<\/p>\n\n\n\n<figure class=\"wp-block-image size-full\"><img loading=\"lazy\" decoding=\"async\" width=\"1090\" height=\"724\" src=\"https:\/\/nouzillyathletisme.fr\/wp-content\/uploads\/2023\/08\/image-6.png\" alt=\"\" class=\"wp-image-3116\" srcset=\"https:\/\/nouzillyathletisme.fr\/wp-content\/uploads\/2023\/08\/image-6.png 1090w, https:\/\/nouzillyathletisme.fr\/wp-content\/uploads\/2023\/08\/image-6-768x510.png 768w\" sizes=\"auto, (max-width: 1090px) 100vw, 1090px\" \/><\/figure>\n\n\n\n<p>Choisissez si besoin la bonne option parmi les 2 propos\u00e9es et cliquez sur \u00ab\u00a0<strong>Valider<\/strong>\u00ab\u00a0<\/p>\n\n\n\n<p>Cliquez sur \u00ab\u00a0<strong>Suivant<\/strong>\u00a0\u00bb pour passer \u00e0 l&rsquo;\u00e9tape suivante.<\/p>\n\n\n\n<p>La deuxi\u00e8me page du formulaire s&rsquo;affiche:<\/p>\n\n\n\n<figure class=\"wp-block-image size-full\"><img loading=\"lazy\" decoding=\"async\" width=\"1089\" height=\"627\" src=\"https:\/\/nouzillyathletisme.fr\/wp-content\/uploads\/2023\/08\/image-7.png\" alt=\"\" class=\"wp-image-3117\" srcset=\"https:\/\/nouzillyathletisme.fr\/wp-content\/uploads\/2023\/08\/image-7.png 1089w, https:\/\/nouzillyathletisme.fr\/wp-content\/uploads\/2023\/08\/image-7-768x442.png 768w\" sizes=\"auto, (max-width: 1089px) 100vw, 1089px\" \/><\/figure>\n\n\n\n<p>V\u00e9rifiez l&rsquo;exactitude des informations affich\u00e9es<\/p>\n\n\n\n<ul class=\"wp-block-list\">\n<li>les champs en rouge sont&nbsp;<strong>obligatoires<\/strong><\/li>\n\n\n\n<li>les champs gris\u00e9s sont&nbsp;<strong>non-modifiables<\/strong><\/li>\n<\/ul>\n\n\n\n<p>Comme \u00e0 l&rsquo;\u00e9tape pr\u00e9c\u00e9dente, cliquer sur&nbsp;<strong>modifier&nbsp;<\/strong>pour apporter des modifications :<\/p>\n\n\n\n<figure class=\"wp-block-image size-full\"><img loading=\"lazy\" decoding=\"async\" width=\"1092\" height=\"473\" src=\"https:\/\/nouzillyathletisme.fr\/wp-content\/uploads\/2023\/08\/image-8.png\" alt=\"\" class=\"wp-image-3118\" srcset=\"https:\/\/nouzillyathletisme.fr\/wp-content\/uploads\/2023\/08\/image-8.png 1092w, https:\/\/nouzillyathletisme.fr\/wp-content\/uploads\/2023\/08\/image-8-768x332.png 768w\" sizes=\"auto, (max-width: 1092px) 100vw, 1092px\" \/><\/figure>\n\n\n\n<p>Une fois que tout est correct, cliquez sur \u00ab\u00a0<strong>Valider<\/strong>\u00ab\u00a0<\/p>\n\n\n\n<p>Cliquez sur \u00ab\u00a0<strong>Suivant<\/strong>\u00a0\u00bb pour passer \u00e0 l&rsquo;\u00e9tape suivante.<\/p>\n\n\n\n<p>Le troisi\u00e8me onglet du formulaire s&rsquo;affiche:<\/p>\n\n\n\n<figure class=\"wp-block-image size-full\"><img loading=\"lazy\" decoding=\"async\" width=\"1087\" height=\"507\" src=\"https:\/\/nouzillyathletisme.fr\/wp-content\/uploads\/2023\/08\/image-9.png\" alt=\"\" class=\"wp-image-3119\" srcset=\"https:\/\/nouzillyathletisme.fr\/wp-content\/uploads\/2023\/08\/image-9.png 1087w, https:\/\/nouzillyathletisme.fr\/wp-content\/uploads\/2023\/08\/image-9-768x358.png 768w\" sizes=\"auto, (max-width: 1087px) 100vw, 1087px\" \/><\/figure>\n\n\n\n<ul class=\"wp-block-list\">\n<li>Vous&nbsp;<strong>devez<\/strong>prendre connaissance des conditions d\u2019assurance de la FFA<\/li>\n\n\n\n<li>Vous cochez si besoin la 2<sup>\u00e8me<\/sup>&nbsp;case si vous ne souhaitez pas prendre l\u2019assurance FFA<\/li>\n\n\n\n<li>Enfin, vous&nbsp;<strong>devez<\/strong>&nbsp;pendre connaissance du Code d\u2019\u00c9thique et de D\u00e9ontologie de la FFA<\/li>\n<\/ul>\n\n\n\n<p>Validez vos r\u00e9ponses pour passer l&rsquo;\u00e9tape suivante.<\/p>\n\n\n\n<figure class=\"wp-block-image size-full\"><img loading=\"lazy\" decoding=\"async\" width=\"1089\" height=\"506\" src=\"https:\/\/nouzillyathletisme.fr\/wp-content\/uploads\/2023\/08\/image-10.png\" alt=\"\" class=\"wp-image-3120\" srcset=\"https:\/\/nouzillyathletisme.fr\/wp-content\/uploads\/2023\/08\/image-10.png 1089w, https:\/\/nouzillyathletisme.fr\/wp-content\/uploads\/2023\/08\/image-10-768x356.png 768w\" sizes=\"auto, (max-width: 1089px) 100vw, 1089px\" \/><\/figure>\n\n\n\n<p>Ajuster si besoin vos pr\u00e9f\u00e9rences puis valider pour passer \u00e0 l\u2019onglet suivant<\/p>\n\n\n\n<p>La derni\u00e8re \u00e9tape consiste \u00e0 r\u00e9pondre au questionnaire de sant\u00e9.<\/p>\n\n\n\n<p>Ce dernier vous indiquera si vous devez pr\u00e9senter un nouveau certificat m\u00e9dical ou non<\/p>\n\n\n\n<blockquote class=\"wp-block-quote is-layout-flow wp-block-quote-is-layout-flow\">\n<p><em>(dans le cas o\u00f9 le certificat m\u00e9dical pr\u00e9sent\u00e9 l&rsquo;ann\u00e9e derni\u00e8re a moins de 3 ans)<\/em><\/p>\n<\/blockquote>\n\n\n\n<figure class=\"wp-block-image size-full\"><img loading=\"lazy\" decoding=\"async\" width=\"1089\" height=\"183\" src=\"https:\/\/nouzillyathletisme.fr\/wp-content\/uploads\/2023\/08\/image-11.png\" alt=\"\" class=\"wp-image-3121\" srcset=\"https:\/\/nouzillyathletisme.fr\/wp-content\/uploads\/2023\/08\/image-11.png 1089w, https:\/\/nouzillyathletisme.fr\/wp-content\/uploads\/2023\/08\/image-11-768x129.png 768w\" sizes=\"auto, (max-width: 1089px) 100vw, 1089px\" \/><\/figure>\n\n\n\n<p>Cliquer sur le bouton pour acc\u00e9der au questionnaire:<\/p>\n\n\n\n<figure class=\"wp-block-image size-full\"><img loading=\"lazy\" decoding=\"async\" width=\"657\" height=\"414\" src=\"https:\/\/nouzillyathletisme.fr\/wp-content\/uploads\/2023\/08\/image-12.png\" alt=\"\" class=\"wp-image-3122\" srcset=\"https:\/\/nouzillyathletisme.fr\/wp-content\/uploads\/2023\/08\/image-12.png 657w, https:\/\/nouzillyathletisme.fr\/wp-content\/uploads\/2023\/08\/image-12-768x483.png 768w\" sizes=\"auto, (max-width: 657px) 100vw, 657px\" \/><\/figure>\n\n\n\n<p>Cliquer sur le bouton \u00ab\u00a0<strong>Modifier<\/strong>\u00ab\u00a0<\/p>\n\n\n\n<figure class=\"wp-block-image size-full\"><img loading=\"lazy\" decoding=\"async\" width=\"645\" height=\"522\" src=\"https:\/\/nouzillyathletisme.fr\/wp-content\/uploads\/2023\/08\/image-13.png\" alt=\"\" class=\"wp-image-3123\" srcset=\"https:\/\/nouzillyathletisme.fr\/wp-content\/uploads\/2023\/08\/image-13.png 645w, https:\/\/nouzillyathletisme.fr\/wp-content\/uploads\/2023\/08\/image-13-768x621.png 768w\" sizes=\"auto, (max-width: 645px) 100vw, 645px\" \/><\/figure>\n\n\n\n<p>Faites votre choix parmi les 2 options propos\u00e9es et cliquer sur le bouton \u00ab\u00a0<strong>Valider<\/strong>\u00ab\u00a0<\/p>\n\n\n\n<figure class=\"wp-block-image size-full is-resized\"><img loading=\"lazy\" decoding=\"async\" src=\"https:\/\/nouzillyathletisme.fr\/wp-content\/uploads\/2023\/08\/image-14.png\" alt=\"\" class=\"wp-image-3124\" width=\"878\" height=\"109\" srcset=\"https:\/\/nouzillyathletisme.fr\/wp-content\/uploads\/2023\/08\/image-14.png 878w, https:\/\/nouzillyathletisme.fr\/wp-content\/uploads\/2023\/08\/image-14-768x95.png 768w\" sizes=\"auto, (max-width: 878px) 100vw, 878px\" \/><\/figure>\n\n\n\n<ul class=\"wp-block-list\">\n<li>C\u00f4t\u00e9 FFA, votre licence est pr\u00eate \u00e0 \u00eatre renouvel\u00e9e !<\/li>\n\n\n\n<li>Il ne reste plus qu&rsquo;\u00e0 vous inscrire sur HelloAsso pour r\u00e9gler les frais d&rsquo;inscription \ud83d\ude09<\/li>\n<\/ul>\n\n\n\n<p><a href=\"https:\/\/www.helloasso.com\/associations\/nouzilly-athletisme\">https:\/\/www.helloasso.com\/associations\/nouzilly-athletisme<\/a><\/p>\n","protected":false},"excerpt":{"rendered":"<p>Fin juin \/ d\u00e9but juillet vous avez d\u00fb recevoir un mail de la&nbsp;FFA&nbsp;concernant [&hellip;]<\/p>\n","protected":false},"author":1,"featured_media":0,"parent":0,"menu_order":0,"comment_status":"closed","ping_status":"closed","template":"","meta":{"jetpack_post_was_ever_published":false,"footnotes":""},"class_list":["post-3125","page","type-page","status-publish","hentry"],"jetpack_sharing_enabled":true,"jetpack_likes_enabled":false,"_links":{"self":[{"href":"https:\/\/nouzillyathletisme.fr\/index.php\/wp-json\/wp\/v2\/pages\/3125","targetHints":{"allow":["GET"]}}],"collection":[{"href":"https:\/\/nouzillyathletisme.fr\/index.php\/wp-json\/wp\/v2\/pages"}],"about":[{"href":"https:\/\/nouzillyathletisme.fr\/index.php\/wp-json\/wp\/v2\/types\/page"}],"author":[{"embeddable":true,"href":"https:\/\/nouzillyathletisme.fr\/index.php\/wp-json\/wp\/v2\/users\/1"}],"replies":[{"embeddable":true,"href":"https:\/\/nouzillyathletisme.fr\/index.php\/wp-json\/wp\/v2\/comments?post=3125"}],"version-history":[{"count":0,"href":"https:\/\/nouzillyathletisme.fr\/index.php\/wp-json\/wp\/v2\/pages\/3125\/revisions"}],"wp:attachment":[{"href":"https:\/\/nouzillyathletisme.fr\/index.php\/wp-json\/wp\/v2\/media?parent=3125"}],"curies":[{"name":"wp","href":"https:\/\/api.w.org\/{rel}","templated":true}]}}