{"id":3008,"date":"2023-06-30T16:04:30","date_gmt":"2023-06-30T14:04:30","guid":{"rendered":"http:\/\/nouzillyathletisme.fr\/?page_id=3008"},"modified":"2025-07-11T10:26:15","modified_gmt":"2025-07-11T08:26:15","slug":"photos-videos","status":"publish","type":"page","link":"https:\/\/nouzillyathletisme.fr\/index.php\/photos-videos\/","title":{"rendered":"Photos\/Vid\u00e9os"},"content":{"rendered":"\n<h2 class=\"wp-block-heading\">Photos &amp; Vid\u00e9os<\/h2>\n\n\n\n<p>Retrouvez toutes nos photos\/vid\u00e9os sur Insta et Facebook !<\/p>\n\n\n\n<p>Si vous en avez \u00e0 partager, n&rsquo;h\u00e9sitez pas \u00e0 nous les envoyer \ud83d\ude09<\/p>\n","protected":false},"excerpt":{"rendered":"<p>Photos &amp; Vid\u00e9os Retrouvez toutes nos photos\/vid\u00e9os sur Insta et Facebook ! Si [&hellip;]<\/p>\n","protected":false},"author":1,"featured_media":0,"parent":0,"menu_order":0,"comment_status":"closed","ping_status":"closed","template":"","meta":{"jetpack_post_was_ever_published":false,"footnotes":""},"class_list":["post-3008","page","type-page","status-publish","hentry"],"jetpack_sharing_enabled":true,"jetpack_likes_enabled":false,"_links":{"self":[{"href":"https:\/\/nouzillyathletisme.fr\/index.php\/wp-json\/wp\/v2\/pages\/3008","targetHints":{"allow":["GET"]}}],"collection":[{"href":"https:\/\/nouzillyathletisme.fr\/index.php\/wp-json\/wp\/v2\/pages"}],"about":[{"href":"https:\/\/nouzillyathletisme.fr\/index.php\/wp-json\/wp\/v2\/types\/page"}],"author":[{"embeddable":true,"href":"https:\/\/nouzillyathletisme.fr\/index.php\/wp-json\/wp\/v2\/users\/1"}],"replies":[{"embeddable":true,"href":"https:\/\/nouzillyathletisme.fr\/index.php\/wp-json\/wp\/v2\/comments?post=3008"}],"version-history":[{"count":2,"href":"https:\/\/nouzillyathletisme.fr\/index.php\/wp-json\/wp\/v2\/pages\/3008\/revisions"}],"predecessor-version":[{"id":4984,"href":"https:\/\/nouzillyathletisme.fr\/index.php\/wp-json\/wp\/v2\/pages\/3008\/revisions\/4984"}],"wp:attachment":[{"href":"https:\/\/nouzillyathletisme.fr\/index.php\/wp-json\/wp\/v2\/media?parent=3008"}],"curies":[{"name":"wp","href":"https:\/\/api.w.org\/{rel}","templated":true}]}}