{"id":2587,"date":"2022-12-08T11:06:55","date_gmt":"2022-12-08T10:06:55","guid":{"rendered":"http:\/\/nouzillyathletisme.fr\/?page_id=2587"},"modified":"2022-12-20T15:32:01","modified_gmt":"2022-12-20T14:32:01","slug":"plan-dentrainement","status":"publish","type":"page","link":"https:\/\/nouzillyathletisme.fr\/index.php\/plan-dentrainement\/","title":{"rendered":"Plans d&rsquo;entra\u00eenement"},"content":{"rendered":"\n<p>Pas forc\u00e9ment facile de s&rsquo;y retrouver lorsque l&rsquo;on cherche des plans d&rsquo;entrainements; voici une liste non exhaustive de diff\u00e9rents liens de r\u00e9f\u00e9rence pour pr\u00e9parer une course au mieux \ud83d\ude09<\/p>\n\n\n\n<h2 class=\"has-medium-font-size wp-block-heading\">Quelques sites pour trouver des plans d&rsquo;entra\u00eenement :<\/h2>\n\n\n\n<p><a href=\"https:\/\/www.kalenji.fr\/tous-les-plans-dentrainement\" target=\"_blank\" rel=\"noreferrer noopener\">Tous les plans d&rsquo;entrainement (kalenji.fr)<\/a><\/p>\n\n\n\n<p><a href=\"https:\/\/www.conseils-courseapied.com\/plan-entrainement.html\">Plans d&rsquo;entrainement en course \u00e0 pied (conseils-courseapied.com)<\/a><\/p>\n\n\n\n<p><a href=\"https:\/\/www.athle.fr\/asp.net\/main.html\/html.aspx?htmlid=1025\" target=\"_blank\" rel=\"noreferrer noopener\">plans entrainement exemples | F\u00e9d\u00e9ration Fran\u00e7aise d&rsquo;Athl\u00e9tisme (athle.fr)<\/a><\/p>\n\n\n\n<h2 class=\"has-medium-font-size wp-block-heading\">Comment estimer son chrono :<\/h2>\n\n\n\n<p><a href=\"https:\/\/running-attitude.com\/10k-semi-marathon-comment-estimer-son-chrono\/#:~:text=Temps%20estim%C3%A9%20%3D%20temps%20de%20la,06%20soit%203h23%2702%E2%80%9D.\" target=\"_blank\" rel=\"noreferrer noopener\">10k, semi, marathon : comment estimer son chrono &#8211; Running Attitude (running-attitude.com)<\/a><\/p>\n\n\n\n<p><a href=\"https:\/\/www.vo2.fr\/materiel\/trouver-la-bonne-allure-sur-marathon#:~:text=Pour%20les%20athl%C3%A8tes%20entra%C3%AEn%C3%A9s%2C%20un,un%20temps%20final%20de%203h18.\" target=\"_blank\" rel=\"noreferrer noopener\">Trouver la bonne allure sur marathon &#8211; Vo2<\/a><\/p>\n\n\n\n<p><a href=\"https:\/\/run-motion.com\/calcul-vitesse-moyenne-allure\/\" target=\"_blank\" rel=\"noreferrer noopener\">Calcul vitesse moyenne et allure en course \u00e0 pied &#8211; RunMotion Coach Running (run-motion.com)<\/a><\/p>\n\n\n\n<p><a rel=\"noreferrer noopener\" href=\"https:\/\/www.jaimecourir.fr\/entrainement.aspx\" target=\"_blank\">J&rsquo;aime Courir (jaimecourir.fr)<\/a><\/p>\n\n\n\n<h2 class=\"has-medium-font-size wp-block-heading\">Allure et temps de passage :<\/h2>\n\n\n\n<p><a href=\"http:\/\/www.sobhi-sport-nantes.com\/medias\/files\/tableau-allure-semi-et-marathon.pdf\" target=\"_blank\" rel=\"noreferrer noopener\">tableau-allure-semi-et-marathon.pdf (sobhi-sport-nantes.com)<\/a><\/p>\n\n\n\n<p><a href=\"https:\/\/chaussurerunning.fr\/tableau-allures-course\/\" target=\"_blank\" rel=\"noreferrer noopener\">Tableau des allures de course : 5 km, 10 km, marathon (min\/km) (chaussurerunning.fr)<\/a><\/p>\n\n\n\n<p><a href=\"https:\/\/www.athle.fr\/asp.net\/main.html\/html.aspx?htmlid=1371\" target=\"_blank\" rel=\"noreferrer noopener\">plan &#8211; tableau allures specifiques | F\u00e9d\u00e9ration Fran\u00e7aise d&rsquo;Athl\u00e9tisme (athle.fr)<\/a><\/p>\n\n\n\n<h2 class=\"has-medium-font-size wp-block-heading\">Applications de suivi des plans :<\/h2>\n\n\n\n<p><a href=\"https:\/\/www.decathloncoach.com\/fr\/home\/\" target=\"_blank\" rel=\"noreferrer noopener\">Decathlon Coach<\/a><\/p>\n\n\n\n<p><a rel=\"noreferrer noopener\" href=\"https:\/\/frequence-running.com\/annonceurs.html\" target=\"_blank\">FREQUENCE Running : Annonceurs (frequence-running.com)<\/a><\/p>\n\n\n\n<pre class=\"wp-block-verse\">--&gt; Plus r\u00e9cemment, la FFA mets en avant le portail <a rel=\"noreferrer noopener\" href=\"https:\/\/www.jaimecourir.fr\/accueil.aspx\" target=\"_blank\">J'aime courir<\/a> qui est exclusivement r\u00e9serv\u00e9 aux licenci\u00e9s et qui semble plut\u00f4t complet.<\/pre>\n","protected":false},"excerpt":{"rendered":"<p>Pas forc\u00e9ment facile de s&rsquo;y retrouver lorsque l&rsquo;on cherche des plans d&rsquo;entrainements; voici [&hellip;]<\/p>\n","protected":false},"author":1,"featured_media":0,"parent":0,"menu_order":0,"comment_status":"closed","ping_status":"closed","template":"","meta":{"jetpack_post_was_ever_published":false,"footnotes":""},"class_list":["post-2587","page","type-page","status-publish","hentry"],"jetpack_sharing_enabled":true,"jetpack_likes_enabled":false,"_links":{"self":[{"href":"https:\/\/nouzillyathletisme.fr\/index.php\/wp-json\/wp\/v2\/pages\/2587","targetHints":{"allow":["GET"]}}],"collection":[{"href":"https:\/\/nouzillyathletisme.fr\/index.php\/wp-json\/wp\/v2\/pages"}],"about":[{"href":"https:\/\/nouzillyathletisme.fr\/index.php\/wp-json\/wp\/v2\/types\/page"}],"author":[{"embeddable":true,"href":"https:\/\/nouzillyathletisme.fr\/index.php\/wp-json\/wp\/v2\/users\/1"}],"replies":[{"embeddable":true,"href":"https:\/\/nouzillyathletisme.fr\/index.php\/wp-json\/wp\/v2\/comments?post=2587"}],"version-history":[{"count":0,"href":"https:\/\/nouzillyathletisme.fr\/index.php\/wp-json\/wp\/v2\/pages\/2587\/revisions"}],"wp:attachment":[{"href":"https:\/\/nouzillyathletisme.fr\/index.php\/wp-json\/wp\/v2\/media?parent=2587"}],"curies":[{"name":"wp","href":"https:\/\/api.w.org\/{rel}","templated":true}]}}