{"id":2256,"date":"2022-07-19T15:16:06","date_gmt":"2022-07-19T13:16:06","guid":{"rendered":"http:\/\/nouzillyathletisme.fr\/?page_id=2256"},"modified":"2025-07-11T10:31:19","modified_gmt":"2025-07-11T08:31:19","slug":"section-running-trail","status":"publish","type":"page","link":"https:\/\/nouzillyathletisme.fr\/index.php\/section-running-trail\/","title":{"rendered":"Section Running\/Trail"},"content":{"rendered":"\n<h2 class=\"wp-block-heading\">Section Running\/Trail<\/h2>\n\n\n\n<p>Coach : Steff et Jeff (Coachs dipl\u00f4m\u00e9s FFA)<\/p>\n\n\n\n<p>RDV tous les jeudis \u00e0 19h00 au gymnase ou stade.<\/p>\n\n\n\n<p>Objectifs : se regrouper toutes les semaines pour partager les joies de course \u00e0 pied pour courir ensemble, s&rsquo;amuser et performer.<\/p>\n\n\n\n<p>Nous accueillons tous types de publics en essayant de s&rsquo;adapter aux objectifs de chacun (En ayant au pr\u00e9alable une petite exp\u00e9rience de la course \u00e0 pied). L&rsquo;id\u00e9e est que chacun puisse progresser et b\u00e9n\u00e9ficier des avantages de pratiquer la course en groupe.<\/p>\n\n\n\n<p>Papotage, cardio, fractionn\u00e9, c\u00f4tes, piste&#8230; il y en a pour tous les gouts et envies.<\/p>\n\n\n\n<p>Les mot d&rsquo;ordre plaisir et convivialit\u00e9.<\/p>\n\n\n\n<p>Concernant les courses, chacun partage ses envies et libre \u00e0 chacun de s&rsquo;inscrire.<\/p>\n\n\n\n<figure class=\"wp-block-image size-full\"><img loading=\"lazy\" decoding=\"async\" width=\"1024\" height=\"536\" src=\"https:\/\/nouzillyathletisme.fr\/wp-content\/uploads\/2025\/07\/image.png\" alt=\"\" class=\"wp-image-4931\" srcset=\"https:\/\/nouzillyathletisme.fr\/wp-content\/uploads\/2025\/07\/image.png 1024w, https:\/\/nouzillyathletisme.fr\/wp-content\/uploads\/2025\/07\/image-300x157.png 300w, https:\/\/nouzillyathletisme.fr\/wp-content\/uploads\/2025\/07\/image-768x402.png 768w\" sizes=\"auto, (max-width: 1024px) 100vw, 1024px\" \/><\/figure>\n\n\n\n<p>Tous les ans, nous participons \u00e0 l&rsquo;Ekiden de Touraine offert par le club ainsi qu&rsquo;une autre course.<\/p>\n\n\n\n<figure class=\"wp-block-image size-full\"><img loading=\"lazy\" decoding=\"async\" width=\"579\" height=\"668\" src=\"https:\/\/nouzillyathletisme.fr\/wp-content\/uploads\/2022\/06\/image-5.png\" alt=\"\" class=\"wp-image-2166\" srcset=\"https:\/\/nouzillyathletisme.fr\/wp-content\/uploads\/2022\/06\/image-5.png 579w, https:\/\/nouzillyathletisme.fr\/wp-content\/uploads\/2022\/06\/image-5-260x300.png 260w\" sizes=\"auto, (max-width: 579px) 100vw, 579px\" \/><\/figure>\n\n\n\n<figure class=\"wp-block-image size-full\"><img loading=\"lazy\" decoding=\"async\" width=\"581\" height=\"793\" src=\"https:\/\/nouzillyathletisme.fr\/wp-content\/uploads\/2022\/06\/image-6.png\" alt=\"\" class=\"wp-image-2167\" srcset=\"https:\/\/nouzillyathletisme.fr\/wp-content\/uploads\/2022\/06\/image-6.png 581w, https:\/\/nouzillyathletisme.fr\/wp-content\/uploads\/2022\/06\/image-6-220x300.png 220w\" sizes=\"auto, (max-width: 581px) 100vw, 581px\" \/><\/figure>\n","protected":false},"excerpt":{"rendered":"<p>Section Running\/Trail Coach : Steff et Jeff (Coachs dipl\u00f4m\u00e9s FFA) RDV tous les [&hellip;]<\/p>\n","protected":false},"author":1,"featured_media":0,"parent":0,"menu_order":0,"comment_status":"closed","ping_status":"closed","template":"","meta":{"jetpack_post_was_ever_published":false,"footnotes":""},"class_list":["post-2256","page","type-page","status-publish","hentry"],"jetpack_sharing_enabled":true,"jetpack_likes_enabled":false,"_links":{"self":[{"href":"https:\/\/nouzillyathletisme.fr\/index.php\/wp-json\/wp\/v2\/pages\/2256","targetHints":{"allow":["GET"]}}],"collection":[{"href":"https:\/\/nouzillyathletisme.fr\/index.php\/wp-json\/wp\/v2\/pages"}],"about":[{"href":"https:\/\/nouzillyathletisme.fr\/index.php\/wp-json\/wp\/v2\/types\/page"}],"author":[{"embeddable":true,"href":"https:\/\/nouzillyathletisme.fr\/index.php\/wp-json\/wp\/v2\/users\/1"}],"replies":[{"embeddable":true,"href":"https:\/\/nouzillyathletisme.fr\/index.php\/wp-json\/wp\/v2\/comments?post=2256"}],"version-history":[{"count":6,"href":"https:\/\/nouzillyathletisme.fr\/index.php\/wp-json\/wp\/v2\/pages\/2256\/revisions"}],"predecessor-version":[{"id":4989,"href":"https:\/\/nouzillyathletisme.fr\/index.php\/wp-json\/wp\/v2\/pages\/2256\/revisions\/4989"}],"wp:attachment":[{"href":"https:\/\/nouzillyathletisme.fr\/index.php\/wp-json\/wp\/v2\/media?parent=2256"}],"curies":[{"name":"wp","href":"https:\/\/api.w.org\/{rel}","templated":true}]}}